{"id":1034,"date":"2021-04-19T13:18:00","date_gmt":"2021-04-19T13:18:00","guid":{"rendered":"https:\/\/outviewgroup.com\/?page_id=1034"},"modified":"2021-12-29T14:21:03","modified_gmt":"2021-12-29T14:21:03","slug":"imoveis","status":"publish","type":"page","link":"https:\/\/outviewgroup.com\/index.php\/imoveis\/","title":{"rendered":"Im\u00f3veis"},"content":{"rendered":"\t\t<div data-elementor-type=\"wp-page\" data-elementor-id=\"1034\" class=\"elementor elementor-1034\" data-elementor-settings=\"[]\">\n\t\t\t\t\t\t\t<div class=\"elementor-section-wrap\">\n\t\t\t\t\t\t\t<section class=\"elementor-element elementor-element-d220d0b elementor-section-full_width elementor-section-height-min-height elementor-section-items-stretch elementor-section-height-default elementor-section elementor-top-section\" data-id=\"d220d0b\" data-element_type=\"section\">\n\t\t\t\t\t\t<div class=\"elementor-container elementor-column-gap-no\">\n\t\t\t\t\t<div class=\"elementor-element elementor-element-50c087a elementor-column elementor-col-100 elementor-top-column\" data-id=\"50c087a\" data-element_type=\"column\">\n\t\t\t<div class=\"elementor-widget-wrap elementor-element-populated\">\n\t\t\t\t\t\t\t\t<div class=\"elementor-element elementor-element-e6eb1f0 elementor--h-position-center elementor--v-position-middle elementor-widget elementor-widget-slides\" data-id=\"e6eb1f0\" data-element_type=\"widget\" data-settings=\"{&quot;navigation&quot;:&quot;none&quot;,&quot;autoplay&quot;:&quot;yes&quot;,&quot;pause_on_hover&quot;:&quot;yes&quot;,&quot;pause_on_interaction&quot;:&quot;yes&quot;,&quot;autoplay_speed&quot;:5000,&quot;infinite&quot;:&quot;yes&quot;,&quot;transition&quot;:&quot;slide&quot;,&quot;transition_speed&quot;:500}\" data-widget_type=\"slides.default\">\n\t\t\t\t<div class=\"elementor-widget-container\">\n\t\t\t\t\t<div class=\"elementor-swiper\">\n\t\t\t<div class=\"elementor-slides-wrapper elementor-main-swiper swiper-container\" dir=\"ltr\" data-animation=\"fadeInUp\">\n\t\t\t\t<div class=\"swiper-wrapper elementor-slides\">\n\t\t\t\t\t<div class=\"elementor-repeater-item-e76e28c swiper-slide\"><div class=\"swiper-slide-bg\"><\/div><div class=\"elementor-background-overlay\"><\/div><a class=\"swiper-slide-inner\" href=\"#servicos\"><div class=\"swiper-slide-contents\"><div class=\"elementor-slide-heading\">Im\u00f3veis<\/div><div class=\"elementor-slide-description\">Encontre a propriedade imobili\u00e1ria que procura.<\/div><\/div><\/a><\/div>\t\t\t\t<\/div>\n\t\t\t\t\t\t\t<\/div>\n\t\t<\/div>\n\t\t\t\t<\/div>\n\t\t\t\t<\/div>\n\t\t\t\t\t<\/div>\n\t\t<\/div>\n\t\t\t\t\t\t\t<\/div>\n\t\t<\/section>\n\t\t\t\t<section class=\"elementor-element elementor-element-af15b80 elementor-section-full_width elementor-section-height-min-height elementor-section-items-stretch elementor-section-content-middle animated-slow elementor-reverse-tablet elementor-reverse-mobile elementor-section-height-default elementor-invisible elementor-section elementor-top-section\" data-id=\"af15b80\" data-element_type=\"section\" data-settings=\"{&quot;background_background&quot;:&quot;classic&quot;,&quot;animation&quot;:&quot;fadeInUp&quot;}\">\n\t\t\t\t\t\t<div class=\"elementor-container elementor-column-gap-no\">\n\t\t\t\t\t<div class=\"elementor-element elementor-element-4a23168 elementor-column elementor-col-50 elementor-top-column\" data-id=\"4a23168\" data-element_type=\"column\" data-settings=\"{&quot;background_background&quot;:&quot;classic&quot;}\">\n\t\t\t<div class=\"elementor-widget-wrap elementor-element-populated\">\n\t\t\t\t\t\t\t\t<div class=\"elementor-element elementor-element-dba0e27 elementor-widget elementor-widget-heading\" data-id=\"dba0e27\" data-element_type=\"widget\" data-widget_type=\"heading.default\">\n\t\t\t\t<div class=\"elementor-widget-container\">\n\t\t\t<h4 class=\"elementor-heading-title elementor-size-default\">MARCA PR\u00d3PRIA<\/h4>\t\t<\/div>\n\t\t\t\t<\/div>\n\t\t\t\t<div class=\"elementor-element elementor-element-76f87dc elementor-widget elementor-widget-heading\" data-id=\"76f87dc\" data-element_type=\"widget\" data-widget_type=\"heading.default\">\n\t\t\t\t<div class=\"elementor-widget-container\">\n\t\t\t<h2 class=\"elementor-heading-title elementor-size-default\">ZOFFANY VENTURES INVESTMENTS<\/h2>\t\t<\/div>\n\t\t\t\t<\/div>\n\t\t\t\t<div class=\"elementor-element elementor-element-6b33798 elementor-widget elementor-widget-text-editor\" data-id=\"6b33798\" data-element_type=\"widget\" data-widget_type=\"text-editor.default\">\n\t\t\t\t<div class=\"elementor-widget-container\">\n\t\t\t\t\t<div class=\"elementor-text-editor elementor-clearfix\"><p>&#8211; Compra e Venda de Bens Imobili\u00e1rios<\/p><p>&#8211; Arrendamento de Bens Imobili\u00e1rios<\/p><\/div>\n\t\t\t\t<\/div>\n\t\t\t\t<\/div>\n\t\t\t\t\t<\/div>\n\t\t<\/div>\n\t\t\t\t<div class=\"elementor-element elementor-element-d2da7b9 elementor-column elementor-col-50 elementor-top-column\" data-id=\"d2da7b9\" data-element_type=\"column\" data-settings=\"{&quot;background_background&quot;:&quot;classic&quot;}\">\n\t\t\t<div class=\"elementor-widget-wrap\">\n\t\t\t\t\t\t\t\t\t<\/div>\n\t\t<\/div>\n\t\t\t\t\t\t\t<\/div>\n\t\t<\/section>\n\t\t\t\t<section class=\"elementor-element elementor-element-6a011e4 animated-slow elementor-section-boxed elementor-section-height-default elementor-section-height-default elementor-invisible elementor-section elementor-top-section\" data-id=\"6a011e4\" data-element_type=\"section\" id=\"obras\" data-settings=\"{&quot;animation&quot;:&quot;fadeInUp&quot;,&quot;background_background&quot;:&quot;classic&quot;}\">\n\t\t\t\t\t\t<div class=\"elementor-container elementor-column-gap-default\">\n\t\t\t\t\t<div class=\"elementor-element elementor-element-5dc9984 elementor-column elementor-col-100 elementor-top-column\" data-id=\"5dc9984\" data-element_type=\"column\">\n\t\t\t<div class=\"elementor-widget-wrap elementor-element-populated\">\n\t\t\t\t\t\t\t\t<div class=\"elementor-element elementor-element-6cbb296 elementor-widget elementor-widget-heading\" data-id=\"6cbb296\" data-element_type=\"widget\" data-widget_type=\"heading.default\">\n\t\t\t\t<div class=\"elementor-widget-container\">\n\t\t\t<h4 class=\"elementor-heading-title elementor-size-default\">ENCONTRE O QUE PROCURA<\/h4>\t\t<\/div>\n\t\t\t\t<\/div>\n\t\t\t\t<div class=\"elementor-element elementor-element-1a30228 elementor-widget elementor-widget-heading\" data-id=\"1a30228\" data-element_type=\"widget\" data-widget_type=\"heading.default\">\n\t\t\t\t<div class=\"elementor-widget-container\">\n\t\t\t<h2 class=\"elementor-heading-title elementor-size-default\">Im\u00f3veis<\/h2>\t\t<\/div>\n\t\t\t\t<\/div>\n\t\t\t\t<div class=\"elementor-element elementor-element-d104bf0 elementor-grid-2 elementor-grid-tablet-2 elementor-grid-mobile-1 elementor-widget elementor-widget-portfolio\" data-id=\"d104bf0\" data-element_type=\"widget\" data-settings=\"{&quot;item_ratio&quot;:{&quot;unit&quot;:&quot;px&quot;,&quot;size&quot;:1,&quot;sizes&quot;:[]},&quot;row_gap&quot;:{&quot;unit&quot;:&quot;px&quot;,&quot;size&quot;:20,&quot;sizes&quot;:[]},&quot;columns&quot;:&quot;2&quot;,&quot;columns_tablet&quot;:&quot;2&quot;,&quot;columns_mobile&quot;:&quot;1&quot;,&quot;item_gap&quot;:{&quot;unit&quot;:&quot;px&quot;,&quot;size&quot;:&quot;&quot;,&quot;sizes&quot;:[]}}\" data-widget_type=\"portfolio.default\">\n\t\t\t\t<div class=\"elementor-widget-container\">\n\t\t\t\t\t<div class=\"elementor-portfolio elementor-grid elementor-posts-container\">\n\t\t\t\t<article class=\"elementor-portfolio-item elementor-post elementor-filter-56 post-1040 post type-post status-publish format-standard has-post-thumbnail hentry category-imobiliario\">\n\t\t\t<a class=\"elementor-post__thumbnail__link\" href=\"https:\/\/outviewgroup.com\/index.php\/2021\/04\/19\/apartamento-t1\/\">\n\t\t\t\t<div class=\"elementor-portfolio-item__img elementor-post__thumbnail\">\n\t\t\t<img width=\"2226\" height=\"1483\" src=\"https:\/\/outviewgroup.com\/wp-content\/uploads\/2021\/04\/MCS_2717.jpg\" class=\"attachment-full size-full\" alt=\"\" loading=\"lazy\" srcset=\"https:\/\/outviewgroup.com\/wp-content\/uploads\/2021\/04\/MCS_2717.jpg 2226w, https:\/\/outviewgroup.com\/wp-content\/uploads\/2021\/04\/MCS_2717-300x200.jpg 300w, https:\/\/outviewgroup.com\/wp-content\/uploads\/2021\/04\/MCS_2717-1024x682.jpg 1024w, https:\/\/outviewgroup.com\/wp-content\/uploads\/2021\/04\/MCS_2717-768x512.jpg 768w, https:\/\/outviewgroup.com\/wp-content\/uploads\/2021\/04\/MCS_2717-1536x1023.jpg 1536w, https:\/\/outviewgroup.com\/wp-content\/uploads\/2021\/04\/MCS_2717-2048x1364.jpg 2048w, https:\/\/outviewgroup.com\/wp-content\/uploads\/2021\/04\/MCS_2717-1200x799.jpg 1200w, https:\/\/outviewgroup.com\/wp-content\/uploads\/2021\/04\/MCS_2717-1980x1319.jpg 1980w\" sizes=\"(max-width: 2226px) 100vw, 2226px\" \/>\t\t<\/div>\n\t\t\t\t<div class=\"elementor-portfolio-item__overlay\">\n\t\t\t\t<h3 class=\"elementor-portfolio-item__title\">\n\t\tApartamento T1 Seixal\t\t<\/h3>\n\t\t\t\t<\/div>\n\t\t\t\t<\/a>\n\t\t<\/article>\n\t\t\t\t<\/div>\n\t\t\t\t<\/div>\n\t\t\t\t<\/div>\n\t\t\t\t\t<\/div>\n\t\t<\/div>\n\t\t\t\t\t\t\t<\/div>\n\t\t<\/section>\n\t\t\t\t\t\t<\/div>\n\t\t\t\t\t<\/div>\n\t\t","protected":false},"excerpt":{"rendered":"<p>Im\u00f3veisEncontre a propriedade imobili\u00e1ria que procura. MARCA PR\u00d3PRIA ZOFFANY VENTURES INVESTMENTS &#8211; Compra e Venda de Bens Imobili\u00e1rios &#8211; Arrendamento de Bens Imobili\u00e1rios ENCONTRE O QUE PROCURA Im\u00f3veis<\/p>\n","protected":false},"author":1,"featured_media":0,"parent":0,"menu_order":0,"comment_status":"closed","ping_status":"closed","template":"elementor_header_footer","meta":[],"_links":{"self":[{"href":"https:\/\/outviewgroup.com\/index.php\/wp-json\/wp\/v2\/pages\/1034"}],"collection":[{"href":"https:\/\/outviewgroup.com\/index.php\/wp-json\/wp\/v2\/pages"}],"about":[{"href":"https:\/\/outviewgroup.com\/index.php\/wp-json\/wp\/v2\/types\/page"}],"author":[{"embeddable":true,"href":"https:\/\/outviewgroup.com\/index.php\/wp-json\/wp\/v2\/users\/1"}],"replies":[{"embeddable":true,"href":"https:\/\/outviewgroup.com\/index.php\/wp-json\/wp\/v2\/comments?post=1034"}],"version-history":[{"count":15,"href":"https:\/\/outviewgroup.com\/index.php\/wp-json\/wp\/v2\/pages\/1034\/revisions"}],"predecessor-version":[{"id":1726,"href":"https:\/\/outviewgroup.com\/index.php\/wp-json\/wp\/v2\/pages\/1034\/revisions\/1726"}],"wp:attachment":[{"href":"https:\/\/outviewgroup.com\/index.php\/wp-json\/wp\/v2\/media?parent=1034"}],"curies":[{"name":"wp","href":"https:\/\/api.w.org\/{rel}","templated":true}]}}